{"id":11146,"date":"2022-12-14T14:07:39","date_gmt":"2022-12-14T12:07:39","guid":{"rendered":"https:\/\/www.gulliksson.se\/om-oss\/"},"modified":"2025-03-25T19:00:14","modified_gmt":"2025-03-25T17:00:14","slug":"about-us","status":"publish","type":"page","link":"https:\/\/www.gulliksson.se\/en\/about-us\/","title":{"rendered":"About us"},"content":{"rendered":"<div class=\"wpb-content-wrapper\"><p>[vc_row full_width=&#8221;stretch_row&#8221; content_placement=&#8221;middle&#8221; css=&#8221;.vc_custom_1623830047416{background-image: url(http:\/\/www.gulliksson.se\/swe\/wp-content\/uploads\/2015\/09\/om-oss-bg1.jpg?id=251) !important;background-position: center !important;background-repeat: no-repeat !important;background-size: cover !important;}&#8221; el_class=&#8221;brown&#8221;][vc_column][vc_column_text css=&#8221;.vc_custom_1681376500556{margin-bottom: 25px !important;}&#8221;]<\/p>\n<h1>The law firm for idea-driven companies<\/h1>\n<p>[\/vc_column_text][vc_column_text el_class=&#8221;ingress&#8221;]A unique combination of intellectual property and business law[\/vc_column_text][\/vc_column][\/vc_row][vc_row full_width=&#8221;stretch_row_content&#8221; equal_height=&#8221;yes&#8221; content_placement=&#8221;top&#8221; el_id=&#8221;section1&#8243;][vc_column width=&#8221;1\/2&#8243; el_class=&#8221;brown&#8221; css=&#8221;.vc_custom_1671011687657{background-color: #ffffff !important;}&#8221; el_id=&#8221;text1&#8243;][vc_column_text]Our combination of intellectual property and business law makes us the primary choice as a business law firm and advisor for knowledge-intensive and idea-driven companies. Our expertise in IP assets has given us a market-leading position. Our clients choose us for the skills needed to protect, develop and commercialize their most important assets.<\/p>\n<p>Our clients include global groups as well as small and medium-sized enterprises, start-ups, scale-ups, municipalities and authorities. Common to all our clients is a high rate of innovation and most are market leaders with international connections.<\/p>\n<p>Clients hire us for our expertise, as counsel in specific transactions and for day-to-day advice. Our breadth as well as our clear focus on intellectual property law has given us specialist expertise in a variety of industries, which in turn provides synergy effects that benefit our clients.<\/p>\n<p>Our collaborations and working methods are characterized by openness and strategic advice with the client\u2019s business needs in focus.<br \/>\nIn other words &#8211; The fine art of business and intellectual property law.[\/vc_column_text][\/vc_column][vc_column width=&#8221;1\/2&#8243; el_class=&#8221;sand&#8221;][vc_single_image image=&#8221;8872&#8243; img_size=&#8221;full&#8221; alignment=&#8221;center&#8221;][\/vc_column][\/vc_row][vc_row full_width=&#8221;stretch_row&#8221; equal_height=&#8221;yes&#8221; content_placement=&#8221;middle&#8221; css=&#8221;.vc_custom_1671012225712{background-color: #fef3f3 !important;}&#8221; el_id=&#8221;section2&#8243;][vc_column el_class=&#8221;brown&#8221;][vc_row_inner css=&#8221;.vc_custom_1671012408071{padding-right: 0px !important;padding-left: 0px !important;}&#8221;][vc_column_inner][vc_column_text el_class=&#8221;brown&#8221;]<\/p>\n<h2>Networks and strong partnerships &#8211; we guide you in international business.<\/h2>\n<p>Following our clients and supporting their business even outside the country\u2019s borders is a matter of course. We have solid experience of international assignments, establishment abroad and complex international agreements, negotiations and disputes.<\/p>\n<p>We have established contacts with several of the leading law and patent firms around the world. Our own, and independent, global network of lawyers, trademark, design and patent attorneys is the result of a clear strategy from the company\u2019s foundation. Through our network, we can help you bridge and manage cultural differences, an important factor to consider in international business contexts.<\/p>\n<p>Our partnerships are never based on exclusivity but on freedom of choice. Our clients\u2019 needs determine the choice of an international team of counsel. Gulliksson is also affiliated with a large number of national and international organizations, providing access to an extensive knowledge base and valuable contacts.[\/vc_column_text][\/vc_column_inner][\/vc_row_inner][\/vc_column][\/vc_row][vc_row full_width=&#8221;stretch_row&#8221; equal_height=&#8221;yes&#8221; content_placement=&#8221;middle&#8221; css=&#8221;.vc_custom_1671012629887{background: #fef3f3 url(https:\/\/www.gulliksson.se\/swe\/wp-content\/uploads\/2022\/12\/artwork-3.jpg?id=10270) !important;}&#8221;][vc_column el_class=&#8221;brown&#8221;][vc_empty_space height=&#8221;100px&#8221;][\/vc_column][\/vc_row][vc_row full_width=&#8221;stretch_row&#8221; equal_height=&#8221;yes&#8221; content_placement=&#8221;middle&#8221; el_id=&#8221;section3&#8243;][vc_column el_class=&#8221;brown&#8221;][vc_row_inner css=&#8221;.vc_custom_1671012408071{padding-right: 0px !important;padding-left: 0px !important;}&#8221;][vc_column_inner][vc_column_text el_class=&#8221;brown&#8221;]<\/p>\n<h2>Protecting, developing and commercializing our clients&#8217; most important assets \u2013 a clear focus and strategy since 1975<\/h2>\n<p>Advokatbyr\u00e5n Gulliksson was developed as part of Advokatbyr\u00e5n Str\u00f6m &amp; Gulliksson &#8211; the only combined law and patent firm in Sweden. The business concept from the start in 1975 was to integrate business law and intellectual property law in order to offer a complete and distinctly commercial service for the protection, development and commercialization of our clients\u2019 most important assets.<\/p>\n<p>The law firm became a separate company in 2001 &#8211; Advokatbyr\u00e5n Gulliksson &#8211; and Str\u00f6m &amp; Gulliksson became a pure patent agency. The unique co-operation between the companies has continued since then, reinforced by the close proximity of offices in all locations where we operate.<\/p>\n<p>Our history and special background form the basis of who we are today &#8211; a leading firm in the field of intellectual property law with a complete range of services in both intellectual property law and business law.<\/p>\n<p>It is a position that we are now nurturing in order to continue to be the primary choice for the knowledge-intensive company and to attract the best lawyers to our team.[\/vc_column_text][\/vc_column_inner][\/vc_row_inner][\/vc_column][\/vc_row][vc_row full_width=&#8221;stretch_row_content&#8221; equal_height=&#8221;yes&#8221; content_placement=&#8221;middle&#8221; el_class=&#8221;white&#8221; el_id=&#8221;section4&#8243;][vc_column width=&#8221;1\/3&#8243; css=&#8221;.vc_custom_1671013178056{background-position: center !important;background-repeat: no-repeat !important;background-size: cover !important;}&#8221;][vc_column_text]<\/p>\n<h2>Board of directors<\/h2>\n<p>Gulliksson\u2019s Board of Directors and Managing Partner are responsible for the day-to-day management of the firm.[\/vc_column_text][vc_btn title=&#8221;Read more&#8221; style=&#8221;outline&#8221; shape=&#8221;square&#8221; color=&#8221;white&#8221; link=&#8221;url:https%3A%2F%2Fwww.gulliksson.se%2Fen%2Fboard-of-directors%2F|title:Board%20of%20directors&#8221;][\/vc_column][vc_column width=&#8221;1\/3&#8243;][vc_column_text css=&#8221;&#8221;]<\/p>\n<h2>Sustainability<\/h2>\n<p>Our sustainability work is rooted in our business \u2013 to be the business law firm of choice for knowledge-intensive and idea-driven companies.[\/vc_column_text][vc_btn title=&#8221;Read more&#8221; style=&#8221;outline&#8221; shape=&#8221;square&#8221; color=&#8221;white&#8221; css=&#8221;&#8221; link=&#8221;url:https%3A%2F%2Fwww.gulliksson.se%2Fen%2Fsustainability%2F|title:Sustainability&#8221;][\/vc_column][vc_column width=&#8221;1\/3&#8243;][vc_column_text]<\/p>\n<h2>Awards<\/h2>\n<p>Gulliksson is ranked as one of the leading law firms by various ranking institutes. Here we have exemplified what some of the largest international institutes write about us.[\/vc_column_text][vc_btn title=&#8221;Read more&#8221; style=&#8221;outline&#8221; shape=&#8221;square&#8221; color=&#8221;white&#8221; link=&#8221;url:https%3A%2F%2Fwww.gulliksson.se%2Fen%2Futmarkelser%2F|title:Awards&#8221;][\/vc_column][\/vc_row]<\/p>\n<\/div>","protected":false},"excerpt":{"rendered":"<p>[vc_row full_width=&#8221;stretch_row&#8221; content_placement=&#8221;middle&#8221; css=&#8221;.vc_custom_1623830047416{background-image: url(http:\/\/www.gulliksson.se\/swe\/wp-content\/uploads\/2015\/09\/om-oss-bg1.jpg?id=251) !important;background-position: center !important;background-repeat: no-repeat !important;background-size: cover !important;}&#8221; el_class=&#8221;brown&#8221;][vc_column][vc_column_text css=&#8221;.vc_custom_1681376500556{margin-bottom: 25px !important;}&#8221;] The law firm for idea-driven companies [\/vc_column_text][vc_column_text el_class=&#8221;ingress&#8221;]A unique combination of intellectual property and business law[\/vc_column_text][\/vc_column][\/vc_row][vc_row full_width=&#8221;stretch_row_content&#8221; equal_height=&#8221;yes&#8221; content_placement=&#8221;top&#8221; el_id=&#8221;section1&#8243;][vc_column width=&#8221;1\/2&#8243; el_class=&#8221;brown&#8221; css=&#8221;.vc_custom_1671011687657{background-color: #ffffff !important;}&#8221; el_id=&#8221;text1&#8243;][vc_column_text]Our combination of intellectual property and business law makes us the primary choice as&#8230;  <a class=\"excerpt-read-more\" href=\"https:\/\/www.gulliksson.se\/en\/about-us\/\" title=\"Read About us\">Read more &raquo;<\/a><\/p>\n","protected":false},"author":9,"featured_media":0,"parent":0,"menu_order":1,"comment_status":"closed","ping_status":"closed","template":"","meta":{"_acf_changed":false,"footnotes":""},"class_list":["post-11146","page","type-page","status-publish","hentry"],"acf":[],"aioseo_notices":[],"_links":{"self":[{"href":"https:\/\/www.gulliksson.se\/en\/wp-json\/wp\/v2\/pages\/11146","targetHints":{"allow":["GET"]}}],"collection":[{"href":"https:\/\/www.gulliksson.se\/en\/wp-json\/wp\/v2\/pages"}],"about":[{"href":"https:\/\/www.gulliksson.se\/en\/wp-json\/wp\/v2\/types\/page"}],"author":[{"embeddable":true,"href":"https:\/\/www.gulliksson.se\/en\/wp-json\/wp\/v2\/users\/9"}],"replies":[{"embeddable":true,"href":"https:\/\/www.gulliksson.se\/en\/wp-json\/wp\/v2\/comments?post=11146"}],"version-history":[{"count":9,"href":"https:\/\/www.gulliksson.se\/en\/wp-json\/wp\/v2\/pages\/11146\/revisions"}],"predecessor-version":[{"id":14203,"href":"https:\/\/www.gulliksson.se\/en\/wp-json\/wp\/v2\/pages\/11146\/revisions\/14203"}],"wp:attachment":[{"href":"https:\/\/www.gulliksson.se\/en\/wp-json\/wp\/v2\/media?parent=11146"}],"curies":[{"name":"wp","href":"https:\/\/api.w.org\/{rel}","templated":true}]}}