{"id":1255,"date":"2016-04-04T10:59:12","date_gmt":"2016-04-04T09:59:55","guid":{"rendered":"http:\/\/gulliksson.wp-bysted.net\/en\/om-oss\/klienter-och-omdomen-2-2\/"},"modified":"2016-06-20T15:42:21","modified_gmt":"2016-06-20T14:42:21","slug":"network","status":"publish","type":"page","link":"https:\/\/www.gulliksson.se\/en\/network\/","title":{"rendered":"Network"},"content":{"rendered":"<div class=\"wpb-content-wrapper\"><p>[vc_row][vc_column][vc_column_text]<\/p>\n<h1>We take you out into the world at large.<\/h1>\n<h2>For many companies, globalization and internationalization is an integral part of the business. It is natural for us at Gulliksson to be able to follow our clients and support their business even outside the country of origin.<\/h2>\n<p>Gulliksson has an extensive experience of international assignments. We help companies establish overseas, provide strategical advice for contractual negotiations and disputes, and draw up complex international agreements.<\/p>\n<p>In addition to close contacts with the Str\u00f6m &amp; Gulliksson patent agency, we also collaborate with leading law firms and patent agencies all over the world. The work with building up our own and independent global network of lawyers and trademark, design and patent agencies has been ongoing since the early years of the company and is one of our most important assets. Using this network, we can guide you in your international business and disputes when our competence needs to be supplemented.<\/p>\n<p>Issues concerning intellectual property rights, disputes, manufacturing agreements and foreign establishments are often raised in countries such as China. Practical problems regarding the protection of intellectual property rights, issues of establishment and cooperation agreements vary between different regions in the same country and between different countries. Good contacts with selected partners who are familiar with local conditions and regulatory framework are therefore a necessity. With our international network, we can also help you to overcome and handle cultural differences. A factor that is as important when working in an international business context.<\/p>\n<p>Our collaborations are not based on exclusivity. This means that we are always free to choose the international team of advisers that best meets the needs of our clients in each and every situation. Gulliksson is also a member of a large number of national organizations. This gives us access to a comprehensive knowledgebase and additional networks to the benefit of our clients.<\/p>\n<p>A list of the most important organizations can be found <u>HERE<\/u>:<\/p>\n<p><a href=\"https:\/\/www.advokatsamfundet.se\"><span style=\"font-weight: 400;\">Swedish Bar association<\/span><\/a><br \/>\n<a href=\"http:\/\/www.abanet.org\/\"><span style=\"font-weight: 400;\">American Bar Association<\/span><\/a><br \/>\n<a href=\"http:\/\/www.ibanet.org\/\"><span style=\"font-weight: 400;\">International Bar Association<\/span><\/a><br \/>\n<a href=\"https:\/\/www.lesi.org\"><span style=\"font-weight: 400;\">Licensing Executives Society International<\/span><\/a><br \/>\n<a href=\"http:\/\/www.cipa.org.uk\/\"><span style=\"font-weight: 400;\">The Chartered Institute of Patent Agents<\/span><\/a><br \/>\n<a href=\"http:\/\/www.ecta.org\/\"><span style=\"font-weight: 400;\">European Communities Trade Mark Association<\/span><\/a><br \/>\n<a href=\"http:\/\/www.aipla.org\/\"><span style=\"font-weight: 400;\">American Intellectual Property Law Association<\/span><\/a><br \/>\n<a href=\"http:\/\/www.inta.org\/\"><span style=\"font-weight: 400;\">International Trade Mark Association<\/span><\/a><br \/>\n<a href=\"http:\/\/www.sfir.org\/\"><span style=\"font-weight: 400;\">Svenska F\u00f6reningen f\u00f6r Industriellt R\u00e4ttsskydd<\/span><\/a><br \/>\n<a href=\"http:\/\/www.itma.org.uk\/\"><span style=\"font-weight: 400;\">The Institute of Trade Mark Attorneys<\/span><\/a><br \/>\n<a href=\"http:\/\/aippi.org\"><span style=\"font-weight: 400;\">The International Association for the Protection of Intellectual Property<\/span><\/a><br \/>\n<a href=\"http:\/\/www.marques.org\/\"><span style=\"font-weight: 400;\">MARQUES<\/span><\/a><br \/>\n<a href=\"http:\/\/www.spof.se\/\"><span style=\"font-weight: 400;\">Svenska Patentombudsf\u00f6reningen<\/span><\/a><br \/>\n<a href=\"http:\/\/www.sepaf.se\/\"><span style=\"font-weight: 400;\">Sveriges Patentbyr\u00e5ers F\u00f6rening<\/span><\/a><br \/>\n<a href=\"http:\/\/www.union-eu.com\/\"><span style=\"font-weight: 400;\">European Practitioners in Intellectual Property<\/span><\/a><br \/>\n<a href=\"http:\/\/svenskform.se\/\"><span style=\"font-weight: 400;\">Svensk Form<\/span><\/a><br \/>\n<a href=\"http:\/\/www.svid.se\/\"><span style=\"font-weight: 400;\">Stiftelsen f\u00f6r svensk industridesign<\/span><\/a><br \/>\n<a href=\"http:\/\/www.sverigesdesigner.se\/\"><span style=\"font-weight: 400;\">F\u00f6reningen Svenska Designers<\/span><\/a>[\/vc_column_text][\/vc_column][\/vc_row]<\/p>\n<\/div>","protected":false},"excerpt":{"rendered":"<p>[vc_row][vc_column][vc_column_text] We take you out into the world at large. For many companies, globalization and internationalization is an integral part of the business. It is natural for us at Gulliksson to be able to follow our clients and support their business even outside the country of origin. Gulliksson has an extensive experience of international assignments&#8230;.  <a class=\"excerpt-read-more\" href=\"https:\/\/www.gulliksson.se\/en\/network\/\" title=\"Read Network\">Read more &raquo;<\/a><\/p>\n","protected":false},"author":7,"featured_media":0,"parent":0,"menu_order":2,"comment_status":"closed","ping_status":"closed","template":"","meta":{"_acf_changed":false,"footnotes":""},"class_list":["post-1255","page","type-page","status-publish","hentry"],"acf":[],"aioseo_notices":[],"_links":{"self":[{"href":"https:\/\/www.gulliksson.se\/en\/wp-json\/wp\/v2\/pages\/1255","targetHints":{"allow":["GET"]}}],"collection":[{"href":"https:\/\/www.gulliksson.se\/en\/wp-json\/wp\/v2\/pages"}],"about":[{"href":"https:\/\/www.gulliksson.se\/en\/wp-json\/wp\/v2\/types\/page"}],"author":[{"embeddable":true,"href":"https:\/\/www.gulliksson.se\/en\/wp-json\/wp\/v2\/users\/7"}],"replies":[{"embeddable":true,"href":"https:\/\/www.gulliksson.se\/en\/wp-json\/wp\/v2\/comments?post=1255"}],"version-history":[{"count":2,"href":"https:\/\/www.gulliksson.se\/en\/wp-json\/wp\/v2\/pages\/1255\/revisions"}],"predecessor-version":[{"id":1406,"href":"https:\/\/www.gulliksson.se\/en\/wp-json\/wp\/v2\/pages\/1255\/revisions\/1406"}],"wp:attachment":[{"href":"https:\/\/www.gulliksson.se\/en\/wp-json\/wp\/v2\/media?parent=1255"}],"curies":[{"name":"wp","href":"https:\/\/api.w.org\/{rel}","templated":true}]}}